{"id":6238,"date":"2024-08-01T18:30:29","date_gmt":"2024-08-01T18:30:29","guid":{"rendered":"https:\/\/larcheottawa.org\/fr\/?page_id=6238"},"modified":"2024-12-04T17:30:23","modified_gmt":"2024-12-04T17:30:23","slug":"vision-et-spiritualite","status":"publish","type":"page","link":"https:\/\/larcheottawa.org\/fr\/vision-et-spiritualite\/","title":{"rendered":"Nos valeurs"},"content":{"rendered":"<h1>Vision<\/h1>\n<h5>La vision de L&rsquo;Arche est ancr\u00e9e dans la relation et l&rsquo;appartenance<\/h5>\n<ul>\n<li>Soins mutuels, respect et compassion entre les personnes avec et sans disabilit\u00e9 intellectuelle<\/li>\n<li>Partager la vie quotidienne ordinaire avec toutes ses joies et ses peines<\/li>\n<li>Vivre, travailler, apprendre et c\u00e9l\u00e9brer ensemble dans des communaut\u00e9s d&rsquo;appartenance<\/li>\n<li>Transformer nos vies en acceptant nos dons et nos imperfections<\/li>\n<li>Reconnaitre que nous avons besoin les uns des autres et que nous sommes meilleurs ensemble<\/li>\n<li>Un mod\u00e8le d&rsquo;inclusion, une voie de paix et un signe d&rsquo;espoir pour notre monde<\/li>\n<\/ul>\n<p>Le mod\u00e8le relationnel de L&rsquo;Arche fait tomber les barri\u00e8res entre ceux qui donnent et ceux qui re\u00e7oivent du soutien. Il remplace l&rsquo;accent mis par la soci\u00e9t\u00e9 sur l&rsquo;ind\u00e9pendence qui laisse tant de personnes seules, par une interd\u00e9pendence o\u00f9 chaque personne s&rsquo;\u00e9panouit en apportant ses dons au bien des autres.<\/p>\n<p>Lisez-en plus sur la <a href=\"https:\/\/www.larche.ca\/en\/inclusion-and-belonging\" target=\"_blank\" rel=\"noopener\">vision de l&rsquo;inclusion et de l&rsquo;appartenance <\/a>sur le site web de L&rsquo;Arche Canada.<\/p>\n<h1>Inclusion<\/h1>\n<h5>Une ouverture aux autres<\/h5>\n<p>\u00c0 L&rsquo;Arche Ottawa, nous d\u00e9couvrons le sens du partage de la vie quotidienne et de la r\u00e9flexion sur notre humanit\u00e9 commune. Les expressions de la spiritualit\u00e9 et des traditions communautaires \u00e0 L&rsquo;Arche sont fa\u00e7onn\u00e9es par des personnes aux croyances et aux exp\u00e9riences diff\u00e9rentes. En r\u00e9f\u00e9rence au Charte des Communaut\u00e9s de L&rsquo;Arche:<\/p>\n<ul>\n<li>Nous encourageons tous les individus \u00e0 pratiquer et \u00e0 partager leur spiritualit\u00e9 et leurs croyances.<\/li>\n<li>Nous ne faisons aucune discrimination quant au choix individuel de croyances spirituelles de chacun.<\/li>\n<li>Nous croyons qu&rsquo;un environnement dans lequel on accepte totalement les autres et les croyances de chacun favorise une soci\u00e9t\u00e9 saine, solidaire et plus connect\u00e9e plut\u00f4t que de cr\u00e9er des divisions.<\/li>\n<\/ul>\n<p>Tous ces \u00e9l\u00e9ments sont essentiels \u00e0 l\u2019objectif visant \u00e0 \u00e9liminer les barri\u00e8res et les divisions afin de cr\u00e9er des relations plus significatives et plus honn\u00eates qui contribuent \u00e0 une soci\u00e9t\u00e9 meilleure.<\/p>\n<p>&nbsp;<\/p>\n<h1>Diversit\u00e9<\/h1>\n<h5>On a toutes un pla\u00e7e<\/h5>\n<p>Notre F\u00e9d\u00e9ration, une et diverse comme le stipule la Charte des communaut\u00e9s de L&rsquo;Arche:<\/p>\n<ul>\n<li>Chaque communaut\u00e9 de L&rsquo;Arche est un r\u00e9seau de relations, li\u00e9 \u00e0 d&rsquo;autres communaut\u00e9s \u00e0 travers la F\u00e9d\u00e9ration mondiale.<\/li>\n<li>L&rsquo;Arche se pr\u00e9sente diff\u00e9remment dans diff\u00e9rentes cultures tout en partageant des valeurs et des pratiques. Nous sommes engag\u00e9s dans les soci\u00e9t\u00e9s o\u00f9 nos communaut\u00e9s sont situ\u00e9es.<\/li>\n<li>Il existe de nombreuses fa\u00e7ons de s&rsquo;engager envers L&rsquo;Arche, et de nouveaux mod\u00e8les \u00e9mergent. De telles expressions sont ancr\u00e9es dans notre Charte.<\/li>\n<li>Nous sommes tous, personnes avec ou sans d\u00e9ficience intellectuelle, engag\u00e9s dans le travail de partenariat, de plaidoyer et de justice.<\/li>\n<li>Nous reconnaissons \u00e0 la fois la f\u00e9condit\u00e9 et la rupture de notre histoire. En tirant les le\u00e7ons de nos exp\u00e9riences, nous nous effor\u00e7ons ensemble d&rsquo;atteindre une plus grande int\u00e9grit\u00e9, une plus grande responsabilit\u00e9 et une plus grande solidarit\u00e9.<\/li>\n<li>Par l&rsquo;unit\u00e9 dans la diversit\u00e9, la force dans la fragilit\u00e9 et la libert\u00e9 dans l&rsquo;interd\u00e9pendance, nous d\u00e9couvrons notre appartenance.<\/li>\n<\/ul>\n","protected":false},"excerpt":{"rendered":"<p>Vision La vision de L&rsquo;Arche est ancr\u00e9e dans la relation et l&rsquo;appartenance Soins mutuels, respect et compassion entre les personnes avec et sans disabilit\u00e9 intellectuelle Partager la vie quotidienne ordinaire avec toutes ses joies et ses peines Vivre, travailler, apprendre et c\u00e9l\u00e9brer ensemble dans des communaut\u00e9s d&rsquo;appartenance Transformer nos vies en acceptant nos dons et [&hellip;]<\/p>\n","protected":false},"author":14,"featured_media":0,"parent":0,"menu_order":7,"comment_status":"closed","ping_status":"closed","template":"","meta":{"_acf_changed":false,"footnotes":"","_links_to":"","_links_to_target":""},"class_list":["post-6238","page","type-page","status-publish","hentry"],"acf":[],"_links":{"self":[{"href":"https:\/\/larcheottawa.org\/fr\/wp-json\/wp\/v2\/pages\/6238","targetHints":{"allow":["GET"]}}],"collection":[{"href":"https:\/\/larcheottawa.org\/fr\/wp-json\/wp\/v2\/pages"}],"about":[{"href":"https:\/\/larcheottawa.org\/fr\/wp-json\/wp\/v2\/types\/page"}],"author":[{"embeddable":true,"href":"https:\/\/larcheottawa.org\/fr\/wp-json\/wp\/v2\/users\/14"}],"replies":[{"embeddable":true,"href":"https:\/\/larcheottawa.org\/fr\/wp-json\/wp\/v2\/comments?post=6238"}],"version-history":[{"count":12,"href":"https:\/\/larcheottawa.org\/fr\/wp-json\/wp\/v2\/pages\/6238\/revisions"}],"predecessor-version":[{"id":6673,"href":"https:\/\/larcheottawa.org\/fr\/wp-json\/wp\/v2\/pages\/6238\/revisions\/6673"}],"wp:attachment":[{"href":"https:\/\/larcheottawa.org\/fr\/wp-json\/wp\/v2\/media?parent=6238"}],"curies":[{"name":"wp","href":"https:\/\/api.w.org\/{rel}","templated":true}]}}